{"id":7298,"date":"2023-10-27T12:31:17","date_gmt":"2023-10-27T10:31:17","guid":{"rendered":"https:\/\/www.pievevolley.it\/wp\/?page_id=7298"},"modified":"2023-10-27T12:37:42","modified_gmt":"2023-10-27T10:37:42","slug":"chi-siamo-2","status":"publish","type":"page","link":"http:\/\/www.pievevolley.it\/wp\/?page_id=7298","title":{"rendered":"Chi siamo"},"content":{"rendered":"<p style=\"text-align: justify;\"><span style=\"color: #000000;\">Nato nel 2015 dalla collaborazione tra il centro Mah,Boh della Asl Toscana Centro Valdinievole e l\u2019ASD Misericordia Pieve a Nievole, il Pieve Volley Social Club raccoglie l\u2019eredit\u00e0 di un gruppo che, da circa vent\u2019anni, pratica l\u2019attivit\u00e0 sportiva quale strumento per la riabilitazione psichiatrica e per favorire il benessere psico-fisico per le persone che frequentano il servizio di salute mentale. Con l&#8217;espressione salute mentale, secondo la definizione dell&#8217; Organizzazione Mondiale della Sanit\u00e0, si fa riferimento ad \u201cuno stato di benessere emotivo e psicologico nel quale l&#8217;individuo \u00e8 in grado di sfruttare le sue capacit\u00e0 cognitive o emozionali, esercitare la propria funzione all&#8217;interno della societ\u00e0, rispondere alle esigenze quotidiane della vita di ogni giorno, stabilire relazioni soddisfacenti e mature con gli altri, partecipare costruttivamente ai mutamenti dell&#8217;ambiente, adattarsi alle condizioni esterne e ai conflitti interni.\u201d<\/span><br \/>\n<span style=\"color: #000000;\">Questo progetto intende andare proprio nella direzione indicata dall\u2019OMS, attraverso un percorso comune che veda al centro lo sport come veicolo di diffusione di benessere e di inclusione per la collettivit\u00e0, e quindi anche e soprattutto per le persone che vivono una situazione di disagio mentale, condizione che porta spesso ad esperienze di esclusione sociale. L\u2019A.S.D. Misericordia Volley ha accolto tra le sue fila questo gruppo sportivo di cui fanno parte, insieme ad utenti ed operatori della salute mentale, comuni cittadini che condividono la passione per lo sport quale strumento per prendersi cura del proprio benessere psico-fisico, ma anche come momento di incontro e di confronto e, non ultimo, di divertimento.<\/span><br \/>\n<span style=\"color: #000000;\">Tra le finalit\u00e0 generali del progetto, quindi, oltre alla promozione di un corretto stile di vita attraverso la pratica sportiva, si intendono favorire dinamiche di integrazione tra soggetti con storie di vita diverse, con l\u2019obiettivo di limitare le distanze tra le persone, secondo il paradigma che le differenze sono una risorsa da valorizzare e non un problema da risolvere; ma anche di contribuire al miglioramento dell&#8217;autostima dei cittadini con disagio mentale, attraverso il coinvolgimento attivo nella vita associativa dell\u2019ASD Misericordia Pieve e di fungere da \u201cagenzia formativa\u201d per i cittadini sul valore di tale esperienza, con l&#8217;obiettivo di promuovere maggiore consapevolezza sul tema della salute mentale cos\u00ec da limitare i pregiudizi verso le persone con disagio.<\/span><br \/>\n<span style=\"color: #000000;\">Il Pieve Volley Social Club \u00e8 una formazione di pallavolo mista che, oltre agli allenamenti settimanali, partecipa ad una serie di incontri, dal carattere amatoriale non agonistico e con regolamenti adattati, promossi dal Centro Sportivo Italiano Comitato Toscana e dall\u2019Associazione Regionale Toscana Inclusione Cultura e Sport (ARTICS), con una decina di altri gruppi toscani, dalle caratteristiche simili, quindi con una particolare attenzione al mondo del disagio mentale.<\/span><br \/>\n<span style=\"color: #000000;\">Questo progetto vuole caratterizzarsi nei termini di un partenariato tra un&#8217;istituzione pubblica, che pu\u00f2 garantire un contributo costituito da competenze professionali nel settore della riabilitazione psichiatrica, ed un&#8217;associazione sportiva dilettantistica affermata nel territorio che, oltre a mettere a disposizione un bagaglio di competenze specifiche nel settore, pu\u00f2 offrire una maggiore opportunit\u00e0 di apertura alla comunit\u00e0 locale per accogliere altri cittadini sensibili a questa tematica, cos\u00ec da favorire processi di integrazione tra persone con storie di vita diverse, in un campo neutro dove la \u201cmalattia\u201d possa essere, temporaneamente, messa da parte.<\/span><\/p>\n<p><a href=\"http:\/\/www.pievevolley.it\/wp\/wp-content\/uploads\/2023\/10\/Pieve-Volley-Social-Club.jpg\"><img loading=\"lazy\" decoding=\"async\" class=\"alignnone  wp-image-7302\" src=\"http:\/\/www.pievevolley.it\/wp\/wp-content\/uploads\/2023\/10\/Pieve-Volley-Social-Club-300x289.jpg\" alt=\"\" width=\"842\" height=\"811\" srcset=\"http:\/\/www.pievevolley.it\/wp\/wp-content\/uploads\/2023\/10\/Pieve-Volley-Social-Club-300x289.jpg 300w, http:\/\/www.pievevolley.it\/wp\/wp-content\/uploads\/2023\/10\/Pieve-Volley-Social-Club-1024x986.jpg 1024w, http:\/\/www.pievevolley.it\/wp\/wp-content\/uploads\/2023\/10\/Pieve-Volley-Social-Club-768x739.jpg 768w, http:\/\/www.pievevolley.it\/wp\/wp-content\/uploads\/2023\/10\/Pieve-Volley-Social-Club-1536x1478.jpg 1536w, http:\/\/www.pievevolley.it\/wp\/wp-content\/uploads\/2023\/10\/Pieve-Volley-Social-Club-2048x1971.jpg 2048w\" sizes=\"auto, (max-width: 842px) 100vw, 842px\" \/><\/a><\/p>\n","protected":false},"excerpt":{"rendered":"<p>Nato nel 2015 dalla collaborazione tra il centro Mah,Boh della Asl Toscana Centro Valdinievole e l\u2019ASD Misericordia Pieve a Nievole, il Pieve Volley Social Club raccoglie l\u2019eredit\u00e0 di un gruppo che, da circa vent\u2019anni, pratica l\u2019attivit\u00e0 sportiva quale strumento per la riabilitazione psichiatrica e per favorire il benessere psico-fisico per le persone che frequentano il &hellip; <\/p>\n<p class=\"link-more\"><a href=\"http:\/\/www.pievevolley.it\/wp\/?page_id=7298\" class=\"more-link\">Continue reading<span class=\"screen-reader-text\"> &#8220;Chi siamo&#8221;<\/span><\/a><\/p>\n","protected":false},"author":6,"featured_media":0,"parent":0,"menu_order":0,"comment_status":"closed","ping_status":"closed","template":"","meta":{"ngg_post_thumbnail":0,"footnotes":""},"class_list":["post-7298","page","type-page","status-publish","hentry"],"_links":{"self":[{"href":"http:\/\/www.pievevolley.it\/wp\/index.php?rest_route=\/wp\/v2\/pages\/7298","targetHints":{"allow":["GET"]}}],"collection":[{"href":"http:\/\/www.pievevolley.it\/wp\/index.php?rest_route=\/wp\/v2\/pages"}],"about":[{"href":"http:\/\/www.pievevolley.it\/wp\/index.php?rest_route=\/wp\/v2\/types\/page"}],"author":[{"embeddable":true,"href":"http:\/\/www.pievevolley.it\/wp\/index.php?rest_route=\/wp\/v2\/users\/6"}],"replies":[{"embeddable":true,"href":"http:\/\/www.pievevolley.it\/wp\/index.php?rest_route=%2Fwp%2Fv2%2Fcomments&post=7298"}],"version-history":[{"count":4,"href":"http:\/\/www.pievevolley.it\/wp\/index.php?rest_route=\/wp\/v2\/pages\/7298\/revisions"}],"predecessor-version":[{"id":7304,"href":"http:\/\/www.pievevolley.it\/wp\/index.php?rest_route=\/wp\/v2\/pages\/7298\/revisions\/7304"}],"wp:attachment":[{"href":"http:\/\/www.pievevolley.it\/wp\/index.php?rest_route=%2Fwp%2Fv2%2Fmedia&parent=7298"}],"curies":[{"name":"wp","href":"https:\/\/api.w.org\/{rel}","templated":true}]}}