{"id":10,"date":"2014-09-08T23:22:29","date_gmt":"2014-09-08T21:22:29","guid":{"rendered":"http:\/\/www.pievevolley.it\/wp\/?page_id=10"},"modified":"2014-10-04T14:03:35","modified_gmt":"2014-10-04T12:03:35","slug":"la-storia","status":"publish","type":"page","link":"http:\/\/www.pievevolley.it\/wp\/?page_id=10","title":{"rendered":"La Storia"},"content":{"rendered":"<p style=\"text-align: justify;\"><a href=\"http:\/\/www.pievevolley.it\/wp\/wp-content\/uploads\/2014\/09\/Schermata-2014-09-09-alle-00.25.55.png\"><img loading=\"lazy\" decoding=\"async\" class=\"alignleft wp-image-25\" src=\"http:\/\/www.pievevolley.it\/wp\/wp-content\/uploads\/2014\/09\/Schermata-2014-09-09-alle-00.25.55-300x210.png\" alt=\"Squadra1985\" width=\"210\" height=\"147\" srcset=\"http:\/\/www.pievevolley.it\/wp\/wp-content\/uploads\/2014\/09\/Schermata-2014-09-09-alle-00.25.55-300x210.png 300w, http:\/\/www.pievevolley.it\/wp\/wp-content\/uploads\/2014\/09\/Schermata-2014-09-09-alle-00.25.55.png 497w\" sizes=\"auto, (max-width: 210px) 100vw, 210px\" \/><\/a>Il Gruppo Sportivo Misericordia Pieve a Nievole nasce nel 1985 dalla passione sportiva di alcuni volontari, inizialmente solo come idea per reclutarne di nuovi. Con il tempo per\u00f2 il Gruppo Sportivo si struttura in modo permanente, coinvolgendo sempre pi\u00f9 i fondatori e di volta in volta coloro che nel tempo si sono avvicinati a questa realt\u00e0 che fonde i valori agonistici dello sport con quelli sociali e di solidariet\u00e0 che da sempre contraddistingue l&#8217;associazione delle Misericordie.<br \/>\nIl settore Pallavolo si sviluppa e cresce, tanto da divenire una delle squadre di riferimento della provincia di Pistoia.<\/p>\n<p style=\"text-align: justify;\">\u00c8 iniziato tutto quasi per caso una sera nella palestra di Pieve a Nievole, quando da semplice spettatore della squadra femminile locale assieme ad altri amici mi sono improvvisato pallavolista e organizzatore di una &#8220;partitella&#8221; proprio contro le ragazze che si stavano allenando.<br \/>\nDa qui l&#8217;idea di formare una squadra tutta nostra per stare insieme e competere con gli altri. \u00c8 nata cos\u00ec una passione vera, sana, in parte anche morbosa, per questo magnifico sport che ci ha fatto vivere varie fasi tutte centrate comunque sul divertimento e sulla scelta di atleti in base soprattutto alle qualit\u00e0 umane. Dopo i primi anni di agonismo a livello amatoriale, peraltro bellissimi sotto ogni punto di vista, il nostro gruppo sportivo si \u00e8 consolidato e la squadra, grazie soprattutto all&#8217;apporto di nuovi dirigenti, \u00e8 cresciuta qualitativamente ed ha iniziato ad imporsi prima a livello provinciale e poi in quello regionale.<br \/>\nEssere il promotore, assieme ad altri, di questa splendida iniziativa che \u00e8 nata e cresciuta piano piano anche grazie alla nostra Misericordia \u00e8 motivo di grande piacere ed orgoglio; il viaggio fino ad oggi \u00e8 stato magnifico, tuttavia poich\u00e8 vogliamo crescere ancora, mi auguro che lo sia anche in futuro.<\/p>\n<p style=\"text-align: justify;\">Il Presidente<br \/>\n<strong><em>Saverio Severi<\/em><\/strong><\/p>\n<p style=\"text-align: justify;\">\n<p style=\"text-align: justify;\">\n<p style=\"text-align: center;\"><!-- default-view.php -->\n<div\n\tclass=\"ngg-galleryoverview default-view\n\t ngg-ajax-pagination-none\t\"\n\tid=\"ngg-gallery-8ac66c0d6208b0e66723b074a06116a3-1\">\n\n\t\t<!-- Thumbnails -->\n\t\t\t\t<div id=\"ngg-image-0\" class=\"ngg-gallery-thumbnail-box\n\t\t\t\t\t\t\t\t\t\t\t\"\n\t\t\t>\n\t\t\t\t\t\t<div class=\"ngg-gallery-thumbnail\">\n\t\t\t<a href=\"http:\/\/www.pievevolley.it\/wp\/wp-content\/gallery\/archivio-foto\/foto1.jpg\"\n\t\t\t\ttitle=\"\"\n\t\t\t\tdata-src=\"http:\/\/www.pievevolley.it\/wp\/wp-content\/gallery\/archivio-foto\/foto1.jpg\"\n\t\t\t\tdata-thumbnail=\"http:\/\/www.pievevolley.it\/wp\/wp-content\/gallery\/archivio-foto\/thumbs\/thumbs_foto1.jpg\"\n\t\t\t\tdata-image-id=\"35\"\n\t\t\t\tdata-title=\"foto1\"\n\t\t\t\tdata-description=\"\"\n\t\t\t\tdata-image-slug=\"foto1\"\n\t\t\t\tclass=\"ngg-fancybox\" rel=\"8ac66c0d6208b0e66723b074a06116a3\">\n\t\t\t\t<img\n\t\t\t\t\ttitle=\"foto1\"\n\t\t\t\t\talt=\"foto1\"\n\t\t\t\t\tsrc=\"http:\/\/www.pievevolley.it\/wp\/wp-content\/gallery\/archivio-foto\/thumbs\/thumbs_foto1.jpg\"\n\t\t\t\t\twidth=\"120\"\n\t\t\t\t\theight=\"90\"\n\t\t\t\t\tstyle=\"max-width:100%;\"\n\t\t\t\t\/>\n\t\t\t<\/a>\n\t\t<\/div>\n\t\t\t\t\t\t\t<\/div>\n\t\t\t\n\t\t\t\t<div id=\"ngg-image-1\" class=\"ngg-gallery-thumbnail-box\n\t\t\t\t\t\t\t\t\t\t\t\"\n\t\t\t>\n\t\t\t\t\t\t<div class=\"ngg-gallery-thumbnail\">\n\t\t\t<a href=\"http:\/\/www.pievevolley.it\/wp\/wp-content\/gallery\/archivio-foto\/foto10.jpg\"\n\t\t\t\ttitle=\" \"\n\t\t\t\tdata-src=\"http:\/\/www.pievevolley.it\/wp\/wp-content\/gallery\/archivio-foto\/foto10.jpg\"\n\t\t\t\tdata-thumbnail=\"http:\/\/www.pievevolley.it\/wp\/wp-content\/gallery\/archivio-foto\/thumbs\/thumbs_foto10.jpg\"\n\t\t\t\tdata-image-id=\"36\"\n\t\t\t\tdata-title=\"foto10\"\n\t\t\t\tdata-description=\" \"\n\t\t\t\tdata-image-slug=\"foto10\"\n\t\t\t\tclass=\"ngg-fancybox\" rel=\"8ac66c0d6208b0e66723b074a06116a3\">\n\t\t\t\t<img\n\t\t\t\t\ttitle=\"foto10\"\n\t\t\t\t\talt=\"foto10\"\n\t\t\t\t\tsrc=\"http:\/\/www.pievevolley.it\/wp\/wp-content\/gallery\/archivio-foto\/thumbs\/thumbs_foto10.jpg\"\n\t\t\t\t\twidth=\"120\"\n\t\t\t\t\theight=\"90\"\n\t\t\t\t\tstyle=\"max-width:100%;\"\n\t\t\t\t\/>\n\t\t\t<\/a>\n\t\t<\/div>\n\t\t\t\t\t\t\t<\/div>\n\t\t\t\n\t\t\t\t<div id=\"ngg-image-2\" class=\"ngg-gallery-thumbnail-box\n\t\t\t\t\t\t\t\t\t\t\t\"\n\t\t\t>\n\t\t\t\t\t\t<div class=\"ngg-gallery-thumbnail\">\n\t\t\t<a href=\"http:\/\/www.pievevolley.it\/wp\/wp-content\/gallery\/archivio-foto\/foto11.jpg\"\n\t\t\t\ttitle=\" \"\n\t\t\t\tdata-src=\"http:\/\/www.pievevolley.it\/wp\/wp-content\/gallery\/archivio-foto\/foto11.jpg\"\n\t\t\t\tdata-thumbnail=\"http:\/\/www.pievevolley.it\/wp\/wp-content\/gallery\/archivio-foto\/thumbs\/thumbs_foto11.jpg\"\n\t\t\t\tdata-image-id=\"37\"\n\t\t\t\tdata-title=\"foto11\"\n\t\t\t\tdata-description=\" \"\n\t\t\t\tdata-image-slug=\"foto11\"\n\t\t\t\tclass=\"ngg-fancybox\" rel=\"8ac66c0d6208b0e66723b074a06116a3\">\n\t\t\t\t<img\n\t\t\t\t\ttitle=\"foto11\"\n\t\t\t\t\talt=\"foto11\"\n\t\t\t\t\tsrc=\"http:\/\/www.pievevolley.it\/wp\/wp-content\/gallery\/archivio-foto\/thumbs\/thumbs_foto11.jpg\"\n\t\t\t\t\twidth=\"120\"\n\t\t\t\t\theight=\"90\"\n\t\t\t\t\tstyle=\"max-width:100%;\"\n\t\t\t\t\/>\n\t\t\t<\/a>\n\t\t<\/div>\n\t\t\t\t\t\t\t<\/div>\n\t\t\t\n\t\t\t\t<div id=\"ngg-image-3\" class=\"ngg-gallery-thumbnail-box\n\t\t\t\t\t\t\t\t\t\t\t\"\n\t\t\t>\n\t\t\t\t\t\t<div class=\"ngg-gallery-thumbnail\">\n\t\t\t<a href=\"http:\/\/www.pievevolley.it\/wp\/wp-content\/gallery\/archivio-foto\/foto12.jpg\"\n\t\t\t\ttitle=\" \"\n\t\t\t\tdata-src=\"http:\/\/www.pievevolley.it\/wp\/wp-content\/gallery\/archivio-foto\/foto12.jpg\"\n\t\t\t\tdata-thumbnail=\"http:\/\/www.pievevolley.it\/wp\/wp-content\/gallery\/archivio-foto\/thumbs\/thumbs_foto12.jpg\"\n\t\t\t\tdata-image-id=\"38\"\n\t\t\t\tdata-title=\"foto12\"\n\t\t\t\tdata-description=\" \"\n\t\t\t\tdata-image-slug=\"foto12\"\n\t\t\t\tclass=\"ngg-fancybox\" rel=\"8ac66c0d6208b0e66723b074a06116a3\">\n\t\t\t\t<img\n\t\t\t\t\ttitle=\"foto12\"\n\t\t\t\t\talt=\"foto12\"\n\t\t\t\t\tsrc=\"http:\/\/www.pievevolley.it\/wp\/wp-content\/gallery\/archivio-foto\/thumbs\/thumbs_foto12.jpg\"\n\t\t\t\t\twidth=\"120\"\n\t\t\t\t\theight=\"90\"\n\t\t\t\t\tstyle=\"max-width:100%;\"\n\t\t\t\t\/>\n\t\t\t<\/a>\n\t\t<\/div>\n\t\t\t\t\t\t\t<\/div>\n\t\t\t\n\t\t\t\t<div id=\"ngg-image-4\" class=\"ngg-gallery-thumbnail-box\n\t\t\t\t\t\t\t\t\t\t\t\"\n\t\t\t>\n\t\t\t\t\t\t<div class=\"ngg-gallery-thumbnail\">\n\t\t\t<a href=\"http:\/\/www.pievevolley.it\/wp\/wp-content\/gallery\/archivio-foto\/foto13.jpg\"\n\t\t\t\ttitle=\" \"\n\t\t\t\tdata-src=\"http:\/\/www.pievevolley.it\/wp\/wp-content\/gallery\/archivio-foto\/foto13.jpg\"\n\t\t\t\tdata-thumbnail=\"http:\/\/www.pievevolley.it\/wp\/wp-content\/gallery\/archivio-foto\/thumbs\/thumbs_foto13.jpg\"\n\t\t\t\tdata-image-id=\"39\"\n\t\t\t\tdata-title=\"foto13\"\n\t\t\t\tdata-description=\" \"\n\t\t\t\tdata-image-slug=\"foto13\"\n\t\t\t\tclass=\"ngg-fancybox\" rel=\"8ac66c0d6208b0e66723b074a06116a3\">\n\t\t\t\t<img\n\t\t\t\t\ttitle=\"foto13\"\n\t\t\t\t\talt=\"foto13\"\n\t\t\t\t\tsrc=\"http:\/\/www.pievevolley.it\/wp\/wp-content\/gallery\/archivio-foto\/thumbs\/thumbs_foto13.jpg\"\n\t\t\t\t\twidth=\"120\"\n\t\t\t\t\theight=\"90\"\n\t\t\t\t\tstyle=\"max-width:100%;\"\n\t\t\t\t\/>\n\t\t\t<\/a>\n\t\t<\/div>\n\t\t\t\t\t\t\t<\/div>\n\t\t\t\n\t\t\t\t<div id=\"ngg-image-5\" class=\"ngg-gallery-thumbnail-box\n\t\t\t\t\t\t\t\t\t\t\t\"\n\t\t\t>\n\t\t\t\t\t\t<div class=\"ngg-gallery-thumbnail\">\n\t\t\t<a href=\"http:\/\/www.pievevolley.it\/wp\/wp-content\/gallery\/archivio-foto\/foto14.jpg\"\n\t\t\t\ttitle=\" \"\n\t\t\t\tdata-src=\"http:\/\/www.pievevolley.it\/wp\/wp-content\/gallery\/archivio-foto\/foto14.jpg\"\n\t\t\t\tdata-thumbnail=\"http:\/\/www.pievevolley.it\/wp\/wp-content\/gallery\/archivio-foto\/thumbs\/thumbs_foto14.jpg\"\n\t\t\t\tdata-image-id=\"40\"\n\t\t\t\tdata-title=\"foto14\"\n\t\t\t\tdata-description=\" \"\n\t\t\t\tdata-image-slug=\"foto14\"\n\t\t\t\tclass=\"ngg-fancybox\" rel=\"8ac66c0d6208b0e66723b074a06116a3\">\n\t\t\t\t<img\n\t\t\t\t\ttitle=\"foto14\"\n\t\t\t\t\talt=\"foto14\"\n\t\t\t\t\tsrc=\"http:\/\/www.pievevolley.it\/wp\/wp-content\/gallery\/archivio-foto\/thumbs\/thumbs_foto14.jpg\"\n\t\t\t\t\twidth=\"120\"\n\t\t\t\t\theight=\"90\"\n\t\t\t\t\tstyle=\"max-width:100%;\"\n\t\t\t\t\/>\n\t\t\t<\/a>\n\t\t<\/div>\n\t\t\t\t\t\t\t<\/div>\n\t\t\t\n\t\t\t\t<div id=\"ngg-image-6\" class=\"ngg-gallery-thumbnail-box\n\t\t\t\t\t\t\t\t\t\t\t\"\n\t\t\t>\n\t\t\t\t\t\t<div class=\"ngg-gallery-thumbnail\">\n\t\t\t<a href=\"http:\/\/www.pievevolley.it\/wp\/wp-content\/gallery\/archivio-foto\/foto15.jpg\"\n\t\t\t\ttitle=\" \"\n\t\t\t\tdata-src=\"http:\/\/www.pievevolley.it\/wp\/wp-content\/gallery\/archivio-foto\/foto15.jpg\"\n\t\t\t\tdata-thumbnail=\"http:\/\/www.pievevolley.it\/wp\/wp-content\/gallery\/archivio-foto\/thumbs\/thumbs_foto15.jpg\"\n\t\t\t\tdata-image-id=\"41\"\n\t\t\t\tdata-title=\"foto15\"\n\t\t\t\tdata-description=\" \"\n\t\t\t\tdata-image-slug=\"foto15\"\n\t\t\t\tclass=\"ngg-fancybox\" rel=\"8ac66c0d6208b0e66723b074a06116a3\">\n\t\t\t\t<img\n\t\t\t\t\ttitle=\"foto15\"\n\t\t\t\t\talt=\"foto15\"\n\t\t\t\t\tsrc=\"http:\/\/www.pievevolley.it\/wp\/wp-content\/gallery\/archivio-foto\/thumbs\/thumbs_foto15.jpg\"\n\t\t\t\t\twidth=\"120\"\n\t\t\t\t\theight=\"90\"\n\t\t\t\t\tstyle=\"max-width:100%;\"\n\t\t\t\t\/>\n\t\t\t<\/a>\n\t\t<\/div>\n\t\t\t\t\t\t\t<\/div>\n\t\t\t\n\t\t\t\t<div id=\"ngg-image-7\" class=\"ngg-gallery-thumbnail-box\n\t\t\t\t\t\t\t\t\t\t\t\"\n\t\t\t>\n\t\t\t\t\t\t<div class=\"ngg-gallery-thumbnail\">\n\t\t\t<a href=\"http:\/\/www.pievevolley.it\/wp\/wp-content\/gallery\/archivio-foto\/foto4.jpg\"\n\t\t\t\ttitle=\" \"\n\t\t\t\tdata-src=\"http:\/\/www.pievevolley.it\/wp\/wp-content\/gallery\/archivio-foto\/foto4.jpg\"\n\t\t\t\tdata-thumbnail=\"http:\/\/www.pievevolley.it\/wp\/wp-content\/gallery\/archivio-foto\/thumbs\/thumbs_foto4.jpg\"\n\t\t\t\tdata-image-id=\"42\"\n\t\t\t\tdata-title=\"foto4\"\n\t\t\t\tdata-description=\" \"\n\t\t\t\tdata-image-slug=\"foto4\"\n\t\t\t\tclass=\"ngg-fancybox\" rel=\"8ac66c0d6208b0e66723b074a06116a3\">\n\t\t\t\t<img\n\t\t\t\t\ttitle=\"foto4\"\n\t\t\t\t\talt=\"foto4\"\n\t\t\t\t\tsrc=\"http:\/\/www.pievevolley.it\/wp\/wp-content\/gallery\/archivio-foto\/thumbs\/thumbs_foto4.jpg\"\n\t\t\t\t\twidth=\"120\"\n\t\t\t\t\theight=\"90\"\n\t\t\t\t\tstyle=\"max-width:100%;\"\n\t\t\t\t\/>\n\t\t\t<\/a>\n\t\t<\/div>\n\t\t\t\t\t\t\t<\/div>\n\t\t\t\n\t\t\t\t<div id=\"ngg-image-8\" class=\"ngg-gallery-thumbnail-box\n\t\t\t\t\t\t\t\t\t\t\t\"\n\t\t\t>\n\t\t\t\t\t\t<div class=\"ngg-gallery-thumbnail\">\n\t\t\t<a href=\"http:\/\/www.pievevolley.it\/wp\/wp-content\/gallery\/archivio-foto\/foto5.jpg\"\n\t\t\t\ttitle=\" \"\n\t\t\t\tdata-src=\"http:\/\/www.pievevolley.it\/wp\/wp-content\/gallery\/archivio-foto\/foto5.jpg\"\n\t\t\t\tdata-thumbnail=\"http:\/\/www.pievevolley.it\/wp\/wp-content\/gallery\/archivio-foto\/thumbs\/thumbs_foto5.jpg\"\n\t\t\t\tdata-image-id=\"43\"\n\t\t\t\tdata-title=\"foto5\"\n\t\t\t\tdata-description=\" \"\n\t\t\t\tdata-image-slug=\"foto5\"\n\t\t\t\tclass=\"ngg-fancybox\" rel=\"8ac66c0d6208b0e66723b074a06116a3\">\n\t\t\t\t<img\n\t\t\t\t\ttitle=\"foto5\"\n\t\t\t\t\talt=\"foto5\"\n\t\t\t\t\tsrc=\"http:\/\/www.pievevolley.it\/wp\/wp-content\/gallery\/archivio-foto\/thumbs\/thumbs_foto5.jpg\"\n\t\t\t\t\twidth=\"120\"\n\t\t\t\t\theight=\"90\"\n\t\t\t\t\tstyle=\"max-width:100%;\"\n\t\t\t\t\/>\n\t\t\t<\/a>\n\t\t<\/div>\n\t\t\t\t\t\t\t<\/div>\n\t\t\t\n\t\t\t\t<div id=\"ngg-image-9\" class=\"ngg-gallery-thumbnail-box\n\t\t\t\t\t\t\t\t\t\t\t\"\n\t\t\t>\n\t\t\t\t\t\t<div class=\"ngg-gallery-thumbnail\">\n\t\t\t<a href=\"http:\/\/www.pievevolley.it\/wp\/wp-content\/gallery\/archivio-foto\/foto6.jpg\"\n\t\t\t\ttitle=\" \"\n\t\t\t\tdata-src=\"http:\/\/www.pievevolley.it\/wp\/wp-content\/gallery\/archivio-foto\/foto6.jpg\"\n\t\t\t\tdata-thumbnail=\"http:\/\/www.pievevolley.it\/wp\/wp-content\/gallery\/archivio-foto\/thumbs\/thumbs_foto6.jpg\"\n\t\t\t\tdata-image-id=\"44\"\n\t\t\t\tdata-title=\"foto6\"\n\t\t\t\tdata-description=\" \"\n\t\t\t\tdata-image-slug=\"foto6\"\n\t\t\t\tclass=\"ngg-fancybox\" rel=\"8ac66c0d6208b0e66723b074a06116a3\">\n\t\t\t\t<img\n\t\t\t\t\ttitle=\"foto6\"\n\t\t\t\t\talt=\"foto6\"\n\t\t\t\t\tsrc=\"http:\/\/www.pievevolley.it\/wp\/wp-content\/gallery\/archivio-foto\/thumbs\/thumbs_foto6.jpg\"\n\t\t\t\t\twidth=\"120\"\n\t\t\t\t\theight=\"90\"\n\t\t\t\t\tstyle=\"max-width:100%;\"\n\t\t\t\t\/>\n\t\t\t<\/a>\n\t\t<\/div>\n\t\t\t\t\t\t\t<\/div>\n\t\t\t\n\t\t\t\t<div id=\"ngg-image-10\" class=\"ngg-gallery-thumbnail-box\n\t\t\t\t\t\t\t\t\t\t\t\"\n\t\t\t>\n\t\t\t\t\t\t<div class=\"ngg-gallery-thumbnail\">\n\t\t\t<a href=\"http:\/\/www.pievevolley.it\/wp\/wp-content\/gallery\/archivio-foto\/foto7.jpg\"\n\t\t\t\ttitle=\" \"\n\t\t\t\tdata-src=\"http:\/\/www.pievevolley.it\/wp\/wp-content\/gallery\/archivio-foto\/foto7.jpg\"\n\t\t\t\tdata-thumbnail=\"http:\/\/www.pievevolley.it\/wp\/wp-content\/gallery\/archivio-foto\/thumbs\/thumbs_foto7.jpg\"\n\t\t\t\tdata-image-id=\"45\"\n\t\t\t\tdata-title=\"foto7\"\n\t\t\t\tdata-description=\" \"\n\t\t\t\tdata-image-slug=\"foto7\"\n\t\t\t\tclass=\"ngg-fancybox\" rel=\"8ac66c0d6208b0e66723b074a06116a3\">\n\t\t\t\t<img\n\t\t\t\t\ttitle=\"foto7\"\n\t\t\t\t\talt=\"foto7\"\n\t\t\t\t\tsrc=\"http:\/\/www.pievevolley.it\/wp\/wp-content\/gallery\/archivio-foto\/thumbs\/thumbs_foto7.jpg\"\n\t\t\t\t\twidth=\"120\"\n\t\t\t\t\theight=\"90\"\n\t\t\t\t\tstyle=\"max-width:100%;\"\n\t\t\t\t\/>\n\t\t\t<\/a>\n\t\t<\/div>\n\t\t\t\t\t\t\t<\/div>\n\t\t\t\n\t\t\t\t<div id=\"ngg-image-11\" class=\"ngg-gallery-thumbnail-box\n\t\t\t\t\t\t\t\t\t\t\t\"\n\t\t\t>\n\t\t\t\t\t\t<div class=\"ngg-gallery-thumbnail\">\n\t\t\t<a href=\"http:\/\/www.pievevolley.it\/wp\/wp-content\/gallery\/archivio-foto\/foto8.jpg\"\n\t\t\t\ttitle=\" \"\n\t\t\t\tdata-src=\"http:\/\/www.pievevolley.it\/wp\/wp-content\/gallery\/archivio-foto\/foto8.jpg\"\n\t\t\t\tdata-thumbnail=\"http:\/\/www.pievevolley.it\/wp\/wp-content\/gallery\/archivio-foto\/thumbs\/thumbs_foto8.jpg\"\n\t\t\t\tdata-image-id=\"46\"\n\t\t\t\tdata-title=\"foto8\"\n\t\t\t\tdata-description=\" \"\n\t\t\t\tdata-image-slug=\"foto8\"\n\t\t\t\tclass=\"ngg-fancybox\" rel=\"8ac66c0d6208b0e66723b074a06116a3\">\n\t\t\t\t<img\n\t\t\t\t\ttitle=\"foto8\"\n\t\t\t\t\talt=\"foto8\"\n\t\t\t\t\tsrc=\"http:\/\/www.pievevolley.it\/wp\/wp-content\/gallery\/archivio-foto\/thumbs\/thumbs_foto8.jpg\"\n\t\t\t\t\twidth=\"120\"\n\t\t\t\t\theight=\"90\"\n\t\t\t\t\tstyle=\"max-width:100%;\"\n\t\t\t\t\/>\n\t\t\t<\/a>\n\t\t<\/div>\n\t\t\t\t\t\t\t<\/div>\n\t\t\t\n\t\t\t\t<div id=\"ngg-image-12\" class=\"ngg-gallery-thumbnail-box\n\t\t\t\t\t\t\t\t\t\t\t\"\n\t\t\t>\n\t\t\t\t\t\t<div class=\"ngg-gallery-thumbnail\">\n\t\t\t<a href=\"http:\/\/www.pievevolley.it\/wp\/wp-content\/gallery\/archivio-foto\/foto9.jpg\"\n\t\t\t\ttitle=\" \"\n\t\t\t\tdata-src=\"http:\/\/www.pievevolley.it\/wp\/wp-content\/gallery\/archivio-foto\/foto9.jpg\"\n\t\t\t\tdata-thumbnail=\"http:\/\/www.pievevolley.it\/wp\/wp-content\/gallery\/archivio-foto\/thumbs\/thumbs_foto9.jpg\"\n\t\t\t\tdata-image-id=\"47\"\n\t\t\t\tdata-title=\"foto9\"\n\t\t\t\tdata-description=\" \"\n\t\t\t\tdata-image-slug=\"foto9\"\n\t\t\t\tclass=\"ngg-fancybox\" rel=\"8ac66c0d6208b0e66723b074a06116a3\">\n\t\t\t\t<img\n\t\t\t\t\ttitle=\"foto9\"\n\t\t\t\t\talt=\"foto9\"\n\t\t\t\t\tsrc=\"http:\/\/www.pievevolley.it\/wp\/wp-content\/gallery\/archivio-foto\/thumbs\/thumbs_foto9.jpg\"\n\t\t\t\t\twidth=\"120\"\n\t\t\t\t\theight=\"90\"\n\t\t\t\t\tstyle=\"max-width:100%;\"\n\t\t\t\t\/>\n\t\t\t<\/a>\n\t\t<\/div>\n\t\t\t\t\t\t\t<\/div>\n\t\t\t\n\t\n\t<br style=\"clear: both\" \/>\n\n\t\t<div class=\"slideshowlink\">\n\t\t<a href='http:\/\/www.pievevolley.it\/wp\/index.php\/nggallery\/slideshow?page_id=10'>[Show slideshow]<\/a>\n\n\t<\/div>\n\t\n\t\t<!-- Pagination -->\n\t\t<div class='ngg-clear'><\/div>\t<\/div>\n<\/p>\n","protected":false},"excerpt":{"rendered":"<p>Il Gruppo Sportivo Misericordia Pieve a Nievole nasce nel 1985 dalla passione sportiva di alcuni volontari, inizialmente solo come idea per reclutarne di nuovi. Con il tempo per\u00f2 il Gruppo Sportivo si struttura in modo permanente, coinvolgendo sempre pi\u00f9 i fondatori e di volta in volta coloro che nel tempo si sono avvicinati a questa &hellip; <\/p>\n<p class=\"link-more\"><a href=\"http:\/\/www.pievevolley.it\/wp\/?page_id=10\" class=\"more-link\">Continue reading<span class=\"screen-reader-text\"> &#8220;La Storia&#8221;<\/span><\/a><\/p>\n","protected":false},"author":2,"featured_media":0,"parent":0,"menu_order":0,"comment_status":"closed","ping_status":"closed","template":"","meta":{"ngg_post_thumbnail":0,"footnotes":""},"class_list":["post-10","page","type-page","status-publish","hentry"],"_links":{"self":[{"href":"http:\/\/www.pievevolley.it\/wp\/index.php?rest_route=\/wp\/v2\/pages\/10","targetHints":{"allow":["GET"]}}],"collection":[{"href":"http:\/\/www.pievevolley.it\/wp\/index.php?rest_route=\/wp\/v2\/pages"}],"about":[{"href":"http:\/\/www.pievevolley.it\/wp\/index.php?rest_route=\/wp\/v2\/types\/page"}],"author":[{"embeddable":true,"href":"http:\/\/www.pievevolley.it\/wp\/index.php?rest_route=\/wp\/v2\/users\/2"}],"replies":[{"embeddable":true,"href":"http:\/\/www.pievevolley.it\/wp\/index.php?rest_route=%2Fwp%2Fv2%2Fcomments&post=10"}],"version-history":[{"count":0,"href":"http:\/\/www.pievevolley.it\/wp\/index.php?rest_route=\/wp\/v2\/pages\/10\/revisions"}],"wp:attachment":[{"href":"http:\/\/www.pievevolley.it\/wp\/index.php?rest_route=%2Fwp%2Fv2%2Fmedia&parent=10"}],"curies":[{"name":"wp","href":"https:\/\/api.w.org\/{rel}","templated":true}]}}